{"id":1907,"date":"2022-08-28T22:13:18","date_gmt":"2022-08-28T22:13:18","guid":{"rendered":"https:\/\/wilmeruseche.com\/?page_id=1907"},"modified":"2022-08-28T22:23:10","modified_gmt":"2022-08-28T22:23:10","slug":"statement","status":"publish","type":"page","link":"https:\/\/wilmeruseche.com\/index.php\/statement\/","title":{"rendered":"Statement"},"content":{"rendered":"\t\t<div data-elementor-type=\"wp-page\" data-elementor-id=\"1907\" class=\"elementor elementor-1907\">\n\t\t\t\t\t\t\t\t\t<section class=\"elementor-section elementor-top-section elementor-element elementor-element-5837693 elementor-section-boxed elementor-section-height-default elementor-section-height-default\" data-id=\"5837693\" data-element_type=\"section\">\n\t\t\t\t\t\t<div class=\"elementor-container elementor-column-gap-default\">\n\t\t\t\t\t<div class=\"elementor-column elementor-col-100 elementor-top-column elementor-element elementor-element-8599b13\" data-id=\"8599b13\" data-element_type=\"column\">\n\t\t\t<div class=\"elementor-widget-wrap elementor-element-populated\">\n\t\t\t\t\t\t\t\t<div class=\"elementor-element elementor-element-4c4ee61 elementor-widget elementor-widget-spacer\" data-id=\"4c4ee61\" data-element_type=\"widget\" data-widget_type=\"spacer.default\">\n\t\t\t\t<div class=\"elementor-widget-container\">\n\t\t\t<style>\/*! elementor - v3.6.1 - 23-03-2022 *\/\n.e-container.e-container--row .elementor-spacer-inner{width:var(--spacer-size)}.e-container.e-container--column .elementor-spacer-inner,.elementor-column .elementor-spacer-inner{height:var(--spacer-size)}<\/style>\t\t<div class=\"elementor-spacer\">\n\t\t\t<div class=\"elementor-spacer-inner\"><\/div>\n\t\t<\/div>\n\t\t\t\t<\/div>\n\t\t\t\t<\/div>\n\t\t\t\t\t<\/div>\n\t\t<\/div>\n\t\t\t\t\t\t\t<\/div>\n\t\t<\/section>\n\t\t\t\t<section class=\"elementor-section elementor-top-section elementor-element elementor-element-4a6029f elementor-section-boxed elementor-section-height-default elementor-section-height-default\" data-id=\"4a6029f\" data-element_type=\"section\">\n\t\t\t\t\t\t<div class=\"elementor-container elementor-column-gap-default\">\n\t\t\t\t\t<div class=\"elementor-column elementor-col-25 elementor-top-column elementor-element elementor-element-33138c0\" data-id=\"33138c0\" data-element_type=\"column\">\n\t\t\t<div class=\"elementor-widget-wrap\">\n\t\t\t\t\t\t\t\t\t<\/div>\n\t\t<\/div>\n\t\t\t\t<div class=\"elementor-column elementor-col-25 elementor-top-column elementor-element elementor-element-b31e979\" data-id=\"b31e979\" data-element_type=\"column\">\n\t\t\t<div class=\"elementor-widget-wrap elementor-element-populated\">\n\t\t\t\t\t\t\t\t<div class=\"elementor-element elementor-element-403b491 elementor-invisible elementor-widget elementor-widget-heading\" data-id=\"403b491\" data-element_type=\"widget\" data-settings=\"{&quot;_animation&quot;:&quot;fadeInUp&quot;}\" data-widget_type=\"heading.default\">\n\t\t\t\t<div class=\"elementor-widget-container\">\n\t\t\t<style>\/*! elementor - v3.6.1 - 23-03-2022 *\/\n.elementor-heading-title{padding:0;margin:0;line-height:1}.elementor-widget-heading .elementor-heading-title[class*=elementor-size-]>a{color:inherit;font-size:inherit;line-height:inherit}.elementor-widget-heading .elementor-heading-title.elementor-size-small{font-size:15px}.elementor-widget-heading .elementor-heading-title.elementor-size-medium{font-size:19px}.elementor-widget-heading .elementor-heading-title.elementor-size-large{font-size:29px}.elementor-widget-heading .elementor-heading-title.elementor-size-xl{font-size:39px}.elementor-widget-heading .elementor-heading-title.elementor-size-xxl{font-size:59px}<\/style><h2 class=\"elementor-heading-title elementor-size-default\">STATEMENT<\/h2>\t\t<\/div>\n\t\t\t\t<\/div>\n\t\t\t\t\t<\/div>\n\t\t<\/div>\n\t\t\t\t<div class=\"elementor-column elementor-col-50 elementor-top-column elementor-element elementor-element-a3e1ba4\" data-id=\"a3e1ba4\" data-element_type=\"column\">\n\t\t\t<div class=\"elementor-widget-wrap elementor-element-populated\">\n\t\t\t\t\t\t\t\t<div class=\"elementor-element elementor-element-a438cd3 elementor-widget elementor-widget-text-editor\" data-id=\"a438cd3\" data-element_type=\"widget\" data-widget_type=\"text-editor.default\">\n\t\t\t\t<div class=\"elementor-widget-container\">\n\t\t\t<style>\/*! elementor - v3.6.1 - 23-03-2022 *\/\n.elementor-widget-text-editor.elementor-drop-cap-view-stacked .elementor-drop-cap{background-color:#818a91;color:#fff}.elementor-widget-text-editor.elementor-drop-cap-view-framed .elementor-drop-cap{color:#818a91;border:3px solid;background-color:transparent}.elementor-widget-text-editor:not(.elementor-drop-cap-view-default) .elementor-drop-cap{margin-top:8px}.elementor-widget-text-editor:not(.elementor-drop-cap-view-default) .elementor-drop-cap-letter{width:1em;height:1em}.elementor-widget-text-editor .elementor-drop-cap{float:left;text-align:center;line-height:1;font-size:50px}.elementor-widget-text-editor .elementor-drop-cap-letter{display:inline-block}<\/style>\t\t\t\t<p><span style=\"font-family: 'ArialMT',serif;\">Cuando renuncie\u0301 a mi trabajo en el campo de la arquitectura (tengo formaci\u00f3n de arquitecto) para dedicarme completamente a la creaci\u00f3n art\u00edstica, me di cuenta que la libertad adquirida requer\u00eda tambi\u00e9n una gran responsabilidad. Este nuevo trabajo m\u00e1s all\u00e1\u0301 del clich\u00e9\u0301 del artista marginal o bohemio, implicaba que si quer\u00eda tener \u201c\u00e9xito\u201d, deb\u00eda seguir una disciplina creativa a\u00fan m\u00e1s estricta que mi labor como dise\u00f1ador\/constructor. <\/span><\/p><p><span style=\"font-family: 'ArialMT',serif;\">Es quiz\u00e1s por esta raz\u00f3n que a pesar del cambio de trabajo, se mantienen constantes los mismos procesos de creaci\u00f3n y de conceptualizaci\u00f3n dentro de las dos disciplinas; se mantiene por ejemplo el uso del dibujo como herramienta principal de comunicaci\u00f3n, la permanencia de los horarios estrictos de \u201coficinista\u201d y el uso de tecnolog\u00edas inform\u00e1ticas para la elaboraci\u00f3n de maquetas o ideas. <\/span><\/p><p><span style=\"font-family: 'ArialMT',serif;\">A nivel est\u00e9tico mi obra es resultado de toda una compilaci\u00f3n y deconstrucci\u00f3n de elementos y saberes que he acumulado a lo largo del tiempo; el gusto claramente por la serialidad del minimalismo de los a\u00f1os 70, por la obra pict\u00f3rica de Gerhard Richter, el arte \u201cconcreto latinoamericano\u201d, la fotograf\u00eda abstracta de Gursky o Tillmans, la arquitectura constructivista sovi\u00e9tica o la historia del arte occidental (en especial las vanguardias de principio de siglo XX). Esta variopinta mezcla de elementos hace que mi trabajo gravite constantemente en m\u00faltiples procesos y estilos, que mutan y se transforman de manera continua, siempre buscando una nueva forma de ver y entender la realidad que me rodea. <\/span><\/p><p><span style=\"font-family: 'ArialMT',serif;\">Wilmer Useche<\/span><\/p>\t\t\t\t\t\t<\/div>\n\t\t\t\t<\/div>\n\t\t\t\t\t<\/div>\n\t\t<\/div>\n\t\t\t\t\t\t\t<\/div>\n\t\t<\/section>\n\t\t\t\t\t\t\t<\/div>\n\t\t","protected":false},"excerpt":{"rendered":"<p>STATEMENT Cuando renuncie\u0301 a mi trabajo en el campo de la arquitectura (tengo formaci\u00f3n de arquitecto) para dedicarme completamente a la creaci\u00f3n art\u00edstica, me di cuenta que la libertad adquirida requer\u00eda tambi\u00e9n una gran responsabilidad. Este nuevo trabajo m\u00e1s all\u00e1\u0301 del clich\u00e9\u0301 del artista marginal o bohemio, implicaba que si quer\u00eda tener \u201c\u00e9xito\u201d, deb\u00eda seguir &hellip;<\/p>\n<p class=\"read-more\"> <a class=\"\" href=\"https:\/\/wilmeruseche.com\/index.php\/statement\/\"> <span class=\"screen-reader-text\">Statement<\/span> Leer m\u00e1s &raquo;<\/a><\/p>\n","protected":false},"author":1,"featured_media":0,"parent":0,"menu_order":0,"comment_status":"closed","ping_status":"closed","template":"","meta":{"om_disable_all_campaigns":false,"_monsterinsights_skip_tracking":false,"_monsterinsights_sitenote_active":false,"_monsterinsights_sitenote_note":"","_monsterinsights_sitenote_category":0,"site-sidebar-layout":"no-sidebar","site-content-layout":"page-builder","ast-main-header-display":"","ast-hfb-above-header-display":"","ast-hfb-below-header-display":"","ast-hfb-mobile-header-display":"","site-post-title":"disabled","ast-breadcrumbs-content":"","ast-featured-img":"disabled","footer-sml-layout":"","theme-transparent-header-meta":"","adv-header-id-meta":"","stick-header-meta":"","header-above-stick-meta":"","header-main-stick-meta":"","header-below-stick-meta":"","footnotes":""},"class_list":["post-1907","page","type-page","status-publish","hentry"],"uagb_featured_image_src":{"full":false,"thumbnail":false,"medium":false,"medium_large":false,"large":false,"1536x1536":false,"2048x2048":false},"uagb_author_info":{"display_name":"cximenalagos@gmail.com","author_link":"https:\/\/wilmeruseche.com\/index.php\/author\/cximenalagosgmail-com\/"},"uagb_comment_info":0,"uagb_excerpt":"STATEMENT Cuando renuncie\u0301 a mi trabajo en el campo de la arquitectura (tengo formaci\u00f3n de arquitecto) para dedicarme completamente a la creaci\u00f3n art\u00edstica, me di cuenta que la libertad adquirida requer\u00eda tambi\u00e9n una gran responsabilidad. Este nuevo trabajo m\u00e1s all\u00e1\u0301 del clich\u00e9\u0301 del artista marginal o bohemio, implicaba que si quer\u00eda tener \u201c\u00e9xito\u201d, deb\u00eda seguir&hellip;","_links":{"self":[{"href":"https:\/\/wilmeruseche.com\/index.php\/wp-json\/wp\/v2\/pages\/1907","targetHints":{"allow":["GET"]}}],"collection":[{"href":"https:\/\/wilmeruseche.com\/index.php\/wp-json\/wp\/v2\/pages"}],"about":[{"href":"https:\/\/wilmeruseche.com\/index.php\/wp-json\/wp\/v2\/types\/page"}],"author":[{"embeddable":true,"href":"https:\/\/wilmeruseche.com\/index.php\/wp-json\/wp\/v2\/users\/1"}],"replies":[{"embeddable":true,"href":"https:\/\/wilmeruseche.com\/index.php\/wp-json\/wp\/v2\/comments?post=1907"}],"version-history":[{"count":10,"href":"https:\/\/wilmeruseche.com\/index.php\/wp-json\/wp\/v2\/pages\/1907\/revisions"}],"predecessor-version":[{"id":1919,"href":"https:\/\/wilmeruseche.com\/index.php\/wp-json\/wp\/v2\/pages\/1907\/revisions\/1919"}],"wp:attachment":[{"href":"https:\/\/wilmeruseche.com\/index.php\/wp-json\/wp\/v2\/media?parent=1907"}],"curies":[{"name":"wp","href":"https:\/\/api.w.org\/{rel}","templated":true}]}}